{"id":3161,"date":"2024-10-25T02:53:35","date_gmt":"2024-10-25T02:53:35","guid":{"rendered":"https:\/\/www.22hiffla.com\/?page_id=3161"},"modified":"2024-10-31T23:01:35","modified_gmt":"2024-10-31T23:01:35","slug":"elementor-3161","status":"publish","type":"page","link":"https:\/\/www.22hiffla.com\/?page_id=3161","title":{"rendered":"Geza Radvanyi"},"content":{"rendered":"\t\t<div data-elementor-type=\"wp-post\" data-elementor-id=\"3161\" class=\"elementor elementor-3161\" data-elementor-post-type=\"page\">\n\t\t\t\t<div class=\"elementor-element elementor-element-f0f740c e-flex e-con-boxed e-con e-parent\" data-id=\"f0f740c\" data-element_type=\"container\">\n\t\t\t\t\t<div class=\"e-con-inner\">\n\t\t\t\t<div class=\"elementor-element elementor-element-077dc57 elementor-widget elementor-widget-text-editor\" data-id=\"077dc57\" data-element_type=\"widget\" data-widget_type=\"text-editor.default\">\n\t\t\t\t<div class=\"elementor-widget-container\">\n\t\t\t\t\t\t\t\t\t<h4>Geza von Radvanyi<\/h4>\t\t\t\t\t\t\t\t<\/div>\n\t\t\t\t<\/div>\n\t\t\t\t\t<\/div>\n\t\t\t\t<\/div>\n\t\t<div class=\"elementor-element elementor-element-b023691 e-flex e-con-boxed e-con e-parent\" data-id=\"b023691\" data-element_type=\"container\">\n\t\t\t\t\t<div class=\"e-con-inner\">\n\t\t\t\t<div class=\"elementor-element elementor-element-a179346 elementor-widget elementor-widget-image\" data-id=\"a179346\" data-element_type=\"widget\" data-widget_type=\"image.default\">\n\t\t\t\t<div class=\"elementor-widget-container\">\n\t\t\t\t\t\t\t\t\t\t\t\t\t\t\t<img fetchpriority=\"high\" decoding=\"async\" width=\"334\" height=\"432\" src=\"https:\/\/www.22hiffla.com\/wp-content\/uploads\/2024\/10\/POSTHUMOUS-AWARD-4x6-1.jpg\" class=\"attachment-large size-large wp-image-3257\" alt=\"\" srcset=\"https:\/\/www.22hiffla.com\/wp-content\/uploads\/2024\/10\/POSTHUMOUS-AWARD-4x6-1.jpg 334w, https:\/\/www.22hiffla.com\/wp-content\/uploads\/2024\/10\/POSTHUMOUS-AWARD-4x6-1-232x300.jpg 232w\" sizes=\"(max-width: 334px) 100vw, 334px\" \/>\t\t\t\t\t\t\t\t\t\t\t\t\t\t\t<\/div>\n\t\t\t\t<\/div>\n\t\t\t\t\t<\/div>\n\t\t\t\t<\/div>\n\t\t<div class=\"elementor-element elementor-element-347ce1a e-flex e-con-boxed e-con e-parent\" data-id=\"347ce1a\" data-element_type=\"container\">\n\t\t\t\t\t<div class=\"e-con-inner\">\n\t\t<div class=\"elementor-element elementor-element-734f2af e-con-full e-flex e-con e-child\" data-id=\"734f2af\" data-element_type=\"container\">\n\t\t\t\t<div class=\"elementor-element elementor-element-be3b16d elementor-widget elementor-widget-video\" data-id=\"be3b16d\" data-element_type=\"widget\" data-settings=\"{&quot;youtube_url&quot;:&quot;https:\\\/\\\/www.youtube.com\\\/watch?v=JZtij9BEBe4&amp;t=52s&quot;,&quot;video_type&quot;:&quot;youtube&quot;,&quot;controls&quot;:&quot;yes&quot;}\" data-widget_type=\"video.default\">\n\t\t\t\t<div class=\"elementor-widget-container\">\n\t\t\t\t\t\t\t<div class=\"elementor-wrapper elementor-open-inline\">\n\t\t\t<div class=\"elementor-video\"><\/div>\t\t<\/div>\n\t\t\t\t\t\t<\/div>\n\t\t\t\t<\/div>\n\t\t\t\t<\/div>\n\t\t<div class=\"elementor-element elementor-element-4093020 e-con-full e-flex e-con e-child\" data-id=\"4093020\" data-element_type=\"container\">\n\t\t\t\t<div class=\"elementor-element elementor-element-5eef4c9 elementor-widget elementor-widget-text-editor\" data-id=\"5eef4c9\" data-element_type=\"widget\" data-widget_type=\"text-editor.default\">\n\t\t\t\t<div class=\"elementor-widget-container\">\n\t\t\t\t\t\t\t\t\t<p>Dear Ladies and Gentlemen! Dear Remembrancers!<\/p><p>It is a moving honor and at the same time a great responsibility to give a speech in front of the memorial plaque of G\u00e9za Radv\u00e1nyi, the Kossuth Prize-winning Hungarian filmmaker.<\/p><p>It is an honor and a responsibility, which also means a thoughtful task for the speaker, what to highlight from the life and career of the filmmaker born on this day 117 years ago under the name of G\u00e9za Grosschmid.<\/p><p>After his paternal grandfather, the artist who took the name G\u00e9za Radv\u00e1ny is indisputably and today unquestionably one of the most important Hungarian filmmakers, whose sketchy presentation of his biography and films not only represents an artist with a European influence, but also the 20th century. they also evoke the turbulent and at the same time the darkest periods of Hungarian history in the 19th century.<\/p><p>Radv\u00e1nyi, born in 1907 and brought up in Kassa in a respectable bourgeois family, lived in Hungary for 11 years, and without leaving his hometown he became a resident of another country after World War I and the Trianon decision that ended it.<\/p><p>Even in the changing world of Kassai, his talent showed early, and he published his poems at a very young age, during his high school years, in the Kassai Naplo under the name Tam\u00e1s Ember, and then, like his older brother, S\u00e1ndor M\u00e1rai, he traveled all over Europe after high school.<\/p><p>At a young age, his life-long journey to Europe, the &#8220;road movie&#8221; of his life, begins, in connection with which he said &#8220;I&#8217;ve been on the road all my life, I&#8217;ve never had an apartment in my name, I&#8217;ve never bought furniture for myself&#8221;.\u00a0\u00a0<\/p><p>He works as a journalist in Paris, Geneva, and Madrid, then he came into contact with the film industry in Paris, and from the beginning of the 1930s he was an assistant director, screenwriter, and editor in German and French film factories. As Radv\u00e1nyi put it, &#8220;I never wanted to be a filmmaker, I was a reporter, then I started writing screenplays and directing was only one step from there&#8221;.\u00a0<\/p><p>He was open and inquisitive, primarily inspired by German expressionism and French lyrical realism, but by the end of the 1930s he was already involved in Hungarian film production, in Budapest, surrounded by his contemporaries, talented young people, the now legendary Istv\u00e1n Sz\u0151ts, L\u00e1szl\u00f3 Ran\u00f3dy and F\u00e9lix M\u00e1ri\u00e1ssy .<\/p><p>Even in his adventurous life, Radv\u00e1nyi&#8217;s marriage also deserves a separate film, since he married M\u00e1ria Tasn\u00e1dy Fekete in 1937, the former Miss Hungary winner, singer-actress who was already successful in Germany, from her then-husband Br\u00fan\u00f3 Duday, the powerful German film company UFA he asked his Hungarian producer to marry him.\u00a0\u00a0<\/p><p>His wife will not only be his partner in his private life, but will also appear as a main character and perhaps as a muse in his first independent films.<\/p><p>Radv\u00e1nyi already attracted attention with his very first film, directed in 1940, his psychological drama, A Z\u00e1rt targyalas, shows the struggle of a lawyer who is deathly jealous of his wife, whose role was of course played by the director&#8217;s wife, M\u00e1ria Tasn\u00e1dy Fekete.<\/p><p>In the 1941 adaptation of K\u00e1lm\u00e1n Miksz\u00e1th, The Talking Robe, he also worked with M\u00e1ria, who played the role of Cinna in the high-budget superproduction of the time.<\/p><p>In the same year, G\u00e9za Radv\u00e1nyi&#8217;s cult film &#8220;Europa does not answer&#8221; was presented at the Venice Film Festival, also starring Tasn\u00e1dy, with which he entered the international stage and at the same time entered the history of universal cinema. Radv\u00e1nyi was the first Hungarian filmmaker to speak out against the war with his humanistic and brave artistic work, and his work became a role model for neorealist creators. In the following two years, he moved to Italy with M\u00e1ria, where they filmed the script of an Italian writing couple, The White Men, starring P\u00e1l J\u00e1vor.<\/p><p>After that, Radv\u00e1nyi and his wife returned home and in 1946 he started teaching at the Academy of Dramatic Arts and partially reorganizing film education. In the year after the war, the Hungarian film industry struggled to get back on its feet, between 1945 and 1946 only four films were made, including the 1947 film directed by Radv\u00e1nyi.<\/p><p>\u00a0<\/p><p>The film Somewhere in Europe, which also brought the country and G\u00e9za Radv\u00e1nyi worldwide success. It is interesting in film history that Radv\u00e1nyi&#8217;s students P\u00e9ter Bacs\u00f3 and K\u00e1roly Makk assisted in the filming, and Radv\u00e1nyi said of the finished film: &#8220;People came from a horrible hell to a renaissance, which no one knew yet how it would turn out. People were still afraid. They were afraid of what they had experienced, they were afraid of what the future would bring, they were afraid of whether there would still be human life in the world. This fear was mixed with the feeling of liberation&#8230; Somewhere in Europe gave the feeling that was needed, it brought together the scattered world.&#8221; The film was shown in 29 countries, the United Nations took patronage over it, and it was awarded first prize at the Locarno Film Festival. Despite this, however, during the R\u00e1kosi era, the film was not screened in Hungary, and Radv\u00e1nyi left the country again in 1948. He also directed in the film industry in Munich from 1954. He worked with Lilli Palmer and Romy Schneider in his film, as well as with Belmondo in the movie An Angel on Earth.<\/p><p>Finally, in 1979, he returned to Hungary with the support of his former students, but primarily Makk,d F\u00e9lix M\u00e1ri\u00e1ssy . to be able to work with Hungarian artists again and make the final work of his career, Circus Maximus, where S\u00e1ndor S\u00e1ra is the cinematographer.<\/p><p>In Hungary, several directors filmed Radv\u00e1nyi&#8217;s work, a documentary film was shot about him and him while he was still alive, but his career and memory could not be fulfilled in his country. Film director Istv\u00e1n Szab\u00f3&#8217;s statement is true and, in many ways, symbolic: &#8220;Hungarian filmmakers owe a great debt to G\u00e9za Radv\u00e1nyi&#8221;.<\/p><p>Finally, Radv\u00e1nyi&#8217;s thoughts will help me with how to close the memorable sentences and what lessons I should highlight from his life. Although he was physically on the road all his life, he only lived in Hungary for 6.5 years after his childhood, but at the end of his life he says &#8220;always I was at home on the way &#8230; and the Hungarian language was the real home for me &#8230; and of course, if you go to Odysseus and one day you feel where you are at home&#8221;<\/p><p>G\u00e9za Radv\u00e1nyi died on November 26, 1986, aged 79, in Budapest.<\/p><p>It is our duty and at the same time our national responsibility to cherish the memory of G\u00e9za Radv\u00e1nyi, the world-famous film director, in a dignified way here in Kassa and Budapest! <br \/>Thanks for listening!<\/p><p>Tam\u00e1s Kollarik<\/p>\t\t\t\t\t\t\t\t<\/div>\n\t\t\t\t<\/div>\n\t\t\t\t<\/div>\n\t\t\t\t\t<\/div>\n\t\t\t\t<\/div>\n\t\t\t\t<\/div>\n\t\t","protected":false},"excerpt":{"rendered":"<p>Geza von Radvanyi https:\/\/www.youtube.com\/watch?v=JZtij9BEBe4&#038;t=52s Dear Ladies and Gentlemen! Dear Remembrancers! It is a moving honor and at the same time a great responsibility to give a speech in front of the memorial plaque of G\u00e9za Radv\u00e1nyi, the Kossuth Prize-winning Hungarian filmmaker. It is an honor and a responsibility, which also means a thoughtful task for [&hellip;]<\/p>\n","protected":false},"author":1,"featured_media":0,"parent":0,"menu_order":0,"comment_status":"closed","ping_status":"closed","template":"","meta":{"footnotes":""},"class_list":["post-3161","page","type-page","status-publish","hentry"],"_links":{"self":[{"href":"https:\/\/www.22hiffla.com\/index.php?rest_route=\/wp\/v2\/pages\/3161","targetHints":{"allow":["GET"]}}],"collection":[{"href":"https:\/\/www.22hiffla.com\/index.php?rest_route=\/wp\/v2\/pages"}],"about":[{"href":"https:\/\/www.22hiffla.com\/index.php?rest_route=\/wp\/v2\/types\/page"}],"author":[{"embeddable":true,"href":"https:\/\/www.22hiffla.com\/index.php?rest_route=\/wp\/v2\/users\/1"}],"replies":[{"embeddable":true,"href":"https:\/\/www.22hiffla.com\/index.php?rest_route=%2Fwp%2Fv2%2Fcomments&post=3161"}],"version-history":[{"count":10,"href":"https:\/\/www.22hiffla.com\/index.php?rest_route=\/wp\/v2\/pages\/3161\/revisions"}],"predecessor-version":[{"id":3263,"href":"https:\/\/www.22hiffla.com\/index.php?rest_route=\/wp\/v2\/pages\/3161\/revisions\/3263"}],"wp:attachment":[{"href":"https:\/\/www.22hiffla.com\/index.php?rest_route=%2Fwp%2Fv2%2Fmedia&parent=3161"}],"curies":[{"name":"wp","href":"https:\/\/api.w.org\/{rel}","templated":true}]}}